{"id":8,"date":"2020-03-30T19:07:20","date_gmt":"2020-03-30T19:07:20","guid":{"rendered":"https:\/\/test.yantami.de\/?page_id=8"},"modified":"2020-04-02T18:46:11","modified_gmt":"2020-04-02T18:46:11","slug":"startseite-hauptpage","status":"publish","type":"page","link":"https:\/\/yantami.de\/","title":{"rendered":""},"content":{"rendered":"\n<p class=\"has-text-align-center has-medium-font-size\">Wir unterst\u00fctzen Dich. <br>Mit ausgezeichneter Kommunikation und unserer Expertise gestalten wir die Zukunft Deiner Community und schaffen ein neues Erlebnis f\u00fcr Deine Kunden.<\/p>\n\n\n\n<blockquote class=\"wp-block-quote has-text-align-center\"><p>Let&#8217;s change to success.<\/p><\/blockquote>\n\n\n\n<div class=\"wp-block-image\"><figure class=\"aligncenter size-medium\"><img loading=\"lazy\" width=\"300\" height=\"215\" src=\"https:\/\/yantami.de\/wp-content\/uploads\/2020\/04\/skills-3367965_1920-300x215.jpg\" alt=\"\" class=\"wp-image-74\" srcset=\"https:\/\/yantami.de\/wp-content\/uploads\/2020\/04\/skills-3367965_1920-300x215.jpg 300w, https:\/\/yantami.de\/wp-content\/uploads\/2020\/04\/skills-3367965_1920-1024x735.jpg 1024w, https:\/\/yantami.de\/wp-content\/uploads\/2020\/04\/skills-3367965_1920-768x552.jpg 768w, https:\/\/yantami.de\/wp-content\/uploads\/2020\/04\/skills-3367965_1920-1536x1103.jpg 1536w, https:\/\/yantami.de\/wp-content\/uploads\/2020\/04\/skills-3367965_1920.jpg 1920w\" sizes=\"(max-width: 300px) 100vw, 300px\" \/><\/figure><\/div>\n\n\n\n<div class=\"wp-block-columns\">\n<div class=\"wp-block-column\">\n<div class=\"wp-block-group\"><div class=\"wp-block-group__inner-container\">\n<p>Du willst mehr \u00fcber uns und unser Unternehmen wissen? <\/p>\n\n\n\n<div class=\"wp-block-buttons\">\n<div class=\"wp-block-button\"><a class=\"wp-block-button__link has-background\" href=\"https:\/\/yantami.de\/?page_id=9\" style=\"background:linear-gradient(90deg,rgba(255,105,0,1) 0%,rgb(207,46,46) 100%)\">Hier mehr erfahren.<\/a><\/div>\n<\/div>\n<\/div><\/div>\n<\/div>\n\n\n\n<div class=\"wp-block-column\">\n<p>Du willst wissen, was wir k\u00f6nnen und wie wir Dich damit unterst\u00fctzen?<\/p>\n\n\n\n<div class=\"wp-block-buttons\">\n<div class=\"wp-block-button\"><a class=\"wp-block-button__link has-background has-luminous-vivid-orange-to-vivid-red-gradient-background\" href=\"https:\/\/yantami.de\/?page_id=36\">Hier erf\u00e4hrst du es.<\/a><\/div>\n<\/div>\n<\/div>\n\n\n\n<div class=\"wp-block-column\">\n<p class=\"has-text-color has-very-dark-gray-color\">Du willst uns etwas Nettes schreiben oder hast eine Frage?  <\/p>\n\n\n\n<div class=\"wp-block-buttons\">\n<div class=\"wp-block-button\"><a class=\"wp-block-button__link has-background has-luminous-vivid-orange-to-vivid-red-gradient-background\" href=\"https:\/\/yantami.de\/?page_id=56\">Schreib&#8216; uns hier.<\/a><\/div>\n<\/div>\n<\/div>\n<\/div>\n","protected":false},"excerpt":{"rendered":"<p>Wir unterst\u00fctzen Dich. Mit ausgezeichneter Kommunikation und unserer Expertise gestalten wir die Zukunft Deiner Community und schaffen ein neues Erlebnis f\u00fcr Deine Kunden. Let&#8217;s change to success. Du willst mehr \u00fcber uns und unser Unternehmen wissen? Du willst wissen, was wir k\u00f6nnen und wie wir Dich damit unterst\u00fctzen? Du willst uns etwas Nettes schreiben oder &hellip; <\/p>\n<p class=\"link-more\"><a href=\"https:\/\/yantami.de\/\" class=\"more-link\"><span class=\"screen-reader-text\">\u201e\u201c<\/span> weiterlesen<\/a><\/p>\n","protected":false},"author":1,"featured_media":0,"parent":0,"menu_order":0,"comment_status":"closed","ping_status":"closed","template":"","meta":[],"yoast_head":"<!-- This site is optimized with the Yoast SEO plugin v17.3 - https:\/\/yoast.com\/wordpress\/plugins\/seo\/ -->\n<title>- Yantami<\/title>\n<meta name=\"robots\" content=\"noindex, follow, max-snippet:-1, max-image-preview:large, max-video-preview:-1\" \/>\n<meta property=\"og:locale\" content=\"de_DE\" \/>\n<meta property=\"og:type\" content=\"article\" \/>\n<meta property=\"og:title\" content=\"- Yantami\" \/>\n<meta property=\"og:description\" content=\"Wir unterst\u00fctzen Dich. Mit ausgezeichneter Kommunikation und unserer Expertise gestalten wir die Zukunft Deiner Community und schaffen ein neues Erlebnis f\u00fcr Deine Kunden. Let&#8217;s change to success. Du willst mehr \u00fcber uns und unser Unternehmen wissen? Du willst wissen, was wir k\u00f6nnen und wie wir Dich damit unterst\u00fctzen? Du willst uns etwas Nettes schreiben oder &hellip; \u201e\u201c weiterlesen\" \/>\n<meta property=\"og:url\" content=\"https:\/\/yantami.de\/\" \/>\n<meta property=\"og:site_name\" content=\"Yantami\" \/>\n<meta property=\"article:modified_time\" content=\"2020-04-02T18:46:11+00:00\" \/>\n<meta property=\"og:image\" content=\"https:\/\/yantami.de\/wp-content\/uploads\/2020\/04\/skills-3367965_1920-300x215.jpg\" \/>\n<meta name=\"twitter:card\" content=\"summary_large_image\" \/>\n<script type=\"application\/ld+json\" class=\"yoast-schema-graph\">{\"@context\":\"https:\/\/schema.org\",\"@graph\":[{\"@type\":\"WebSite\",\"@id\":\"https:\/\/yantami.de\/#website\",\"url\":\"https:\/\/yantami.de\/\",\"name\":\"Yantami\",\"description\":\"Community Management. Customer Service. Supervision.\",\"potentialAction\":[{\"@type\":\"SearchAction\",\"target\":{\"@type\":\"EntryPoint\",\"urlTemplate\":\"https:\/\/yantami.de\/?s={search_term_string}\"},\"query-input\":\"required name=search_term_string\"}],\"inLanguage\":\"de\"},{\"@type\":\"ImageObject\",\"@id\":\"https:\/\/yantami.de\/#primaryimage\",\"inLanguage\":\"de\",\"url\":\"https:\/\/yantami.de\/wp-content\/uploads\/2020\/04\/skills-3367965_1920.jpg\",\"contentUrl\":\"https:\/\/yantami.de\/wp-content\/uploads\/2020\/04\/skills-3367965_1920.jpg\",\"width\":1920,\"height\":1379},{\"@type\":\"WebPage\",\"@id\":\"https:\/\/yantami.de\/#webpage\",\"url\":\"https:\/\/yantami.de\/\",\"name\":\"- Yantami\",\"isPartOf\":{\"@id\":\"https:\/\/yantami.de\/#website\"},\"primaryImageOfPage\":{\"@id\":\"https:\/\/yantami.de\/#primaryimage\"},\"datePublished\":\"2020-03-30T19:07:20+00:00\",\"dateModified\":\"2020-04-02T18:46:11+00:00\",\"breadcrumb\":{\"@id\":\"https:\/\/yantami.de\/#breadcrumb\"},\"inLanguage\":\"de\",\"potentialAction\":[{\"@type\":\"ReadAction\",\"target\":[\"https:\/\/yantami.de\/\"]}]},{\"@type\":\"BreadcrumbList\",\"@id\":\"https:\/\/yantami.de\/#breadcrumb\",\"itemListElement\":[{\"@type\":\"ListItem\",\"position\":1,\"name\":\"Home\",\"item\":\"https:\/\/yantami.de\/\"},{\"@type\":\"ListItem\",\"position\":2,\"name\":\"\"}]}]}<\/script>\n<!-- \/ Yoast SEO plugin. -->","yoast_head_json":{"title":"- Yantami","robots":{"index":"noindex","follow":"follow","max-snippet":"max-snippet:-1","max-image-preview":"max-image-preview:large","max-video-preview":"max-video-preview:-1"},"og_locale":"de_DE","og_type":"article","og_title":"- Yantami","og_description":"Wir unterst\u00fctzen Dich. Mit ausgezeichneter Kommunikation und unserer Expertise gestalten wir die Zukunft Deiner Community und schaffen ein neues Erlebnis f\u00fcr Deine Kunden. Let&#8217;s change to success. Du willst mehr \u00fcber uns und unser Unternehmen wissen? Du willst wissen, was wir k\u00f6nnen und wie wir Dich damit unterst\u00fctzen? Du willst uns etwas Nettes schreiben oder &hellip; \u201e\u201c weiterlesen","og_url":"https:\/\/yantami.de\/","og_site_name":"Yantami","article_modified_time":"2020-04-02T18:46:11+00:00","og_image":[{"url":"https:\/\/yantami.de\/wp-content\/uploads\/2020\/04\/skills-3367965_1920-300x215.jpg"}],"twitter_card":"summary_large_image","schema":{"@context":"https:\/\/schema.org","@graph":[{"@type":"WebSite","@id":"https:\/\/yantami.de\/#website","url":"https:\/\/yantami.de\/","name":"Yantami","description":"Community Management. Customer Service. Supervision.","potentialAction":[{"@type":"SearchAction","target":{"@type":"EntryPoint","urlTemplate":"https:\/\/yantami.de\/?s={search_term_string}"},"query-input":"required name=search_term_string"}],"inLanguage":"de"},{"@type":"ImageObject","@id":"https:\/\/yantami.de\/#primaryimage","inLanguage":"de","url":"https:\/\/yantami.de\/wp-content\/uploads\/2020\/04\/skills-3367965_1920.jpg","contentUrl":"https:\/\/yantami.de\/wp-content\/uploads\/2020\/04\/skills-3367965_1920.jpg","width":1920,"height":1379},{"@type":"WebPage","@id":"https:\/\/yantami.de\/#webpage","url":"https:\/\/yantami.de\/","name":"- Yantami","isPartOf":{"@id":"https:\/\/yantami.de\/#website"},"primaryImageOfPage":{"@id":"https:\/\/yantami.de\/#primaryimage"},"datePublished":"2020-03-30T19:07:20+00:00","dateModified":"2020-04-02T18:46:11+00:00","breadcrumb":{"@id":"https:\/\/yantami.de\/#breadcrumb"},"inLanguage":"de","potentialAction":[{"@type":"ReadAction","target":["https:\/\/yantami.de\/"]}]},{"@type":"BreadcrumbList","@id":"https:\/\/yantami.de\/#breadcrumb","itemListElement":[{"@type":"ListItem","position":1,"name":"Home","item":"https:\/\/yantami.de\/"},{"@type":"ListItem","position":2,"name":""}]}]}},"_links":{"self":[{"href":"https:\/\/yantami.de\/index.php?rest_route=\/wp\/v2\/pages\/8"}],"collection":[{"href":"https:\/\/yantami.de\/index.php?rest_route=\/wp\/v2\/pages"}],"about":[{"href":"https:\/\/yantami.de\/index.php?rest_route=\/wp\/v2\/types\/page"}],"author":[{"embeddable":true,"href":"https:\/\/yantami.de\/index.php?rest_route=\/wp\/v2\/users\/1"}],"replies":[{"embeddable":true,"href":"https:\/\/yantami.de\/index.php?rest_route=%2Fwp%2Fv2%2Fcomments&post=8"}],"version-history":[{"count":13,"href":"https:\/\/yantami.de\/index.php?rest_route=\/wp\/v2\/pages\/8\/revisions"}],"predecessor-version":[{"id":153,"href":"https:\/\/yantami.de\/index.php?rest_route=\/wp\/v2\/pages\/8\/revisions\/153"}],"wp:attachment":[{"href":"https:\/\/yantami.de\/index.php?rest_route=%2Fwp%2Fv2%2Fmedia&parent=8"}],"curies":[{"name":"wp","href":"https:\/\/api.w.org\/{rel}","templated":true}]}}